{"id":344,"date":"2021-07-12T14:29:39","date_gmt":"2021-07-12T14:29:39","guid":{"rendered":"https:\/\/etanaka.tk\/?page_id=344"},"modified":"2021-07-19T14:17:34","modified_gmt":"2021-07-19T14:17:34","slug":"mapa-de-sitio","status":"publish","type":"page","link":"https:\/\/usa.mirex.gob.do\/consular\/san-juan\/mapa-de-sitio\/","title":{"rendered":"Mapa de Sitio"},"content":{"rendered":"\t\t<div data-elementor-type=\"wp-page\" data-elementor-id=\"344\" class=\"elementor elementor-344\" data-elementor-post-type=\"page\">\n\t\t\t\t\t\t<section class=\"elementor-section elementor-top-section elementor-element elementor-element-0baa454 breadcrumbs elementor-section-boxed elementor-section-height-default elementor-section-height-default\" data-id=\"0baa454\" data-element_type=\"section\" data-e-type=\"section\" data-settings=\"{&quot;background_background&quot;:&quot;classic&quot;}\">\n\t\t\t\t\t\t<div class=\"elementor-container elementor-column-gap-default\">\n\t\t\t\t\t<div class=\"elementor-column elementor-col-100 elementor-top-column elementor-element elementor-element-e326159\" data-id=\"e326159\" data-element_type=\"column\" data-e-type=\"column\">\n\t\t\t<div class=\"elementor-widget-wrap elementor-element-populated\">\n\t\t\t\t\t\t<div class=\"elementor-element elementor-element-b2de1cb elementor-widget elementor-widget-text-editor\" data-id=\"b2de1cb\" data-element_type=\"widget\" data-e-type=\"widget\" data-widget_type=\"text-editor.default\">\n\t\t\t\t<div class=\"elementor-widget-container\">\n\t\t\t\t\t\t\t\t\t<div class=\"breadcrumbs\">Est\u00e1s aqu\u00ed: <a class=\"crumb-inactive\" href=\"\/\">Inicio<\/a> \/ <span class=\"crumb-active\">Mapa de Sitio<\/span><\/div>\t\t\t\t\t\t\t\t<\/div>\n\t\t\t\t<\/div>\n\t\t\t\t\t<\/div>\n\t\t<\/div>\n\t\t\t\t\t<\/div>\n\t\t<\/section>\n\t\t\t\t<section class=\"elementor-section elementor-top-section elementor-element elementor-element-8d8066d elementor-section-content-middle elementor-section-boxed elementor-section-height-default elementor-section-height-default\" data-id=\"8d8066d\" data-element_type=\"section\" data-e-type=\"section\" data-settings=\"{&quot;background_background&quot;:&quot;classic&quot;}\">\n\t\t\t\t\t\t<div class=\"elementor-container elementor-column-gap-no\">\n\t\t\t\t\t<div class=\"elementor-column elementor-col-100 elementor-top-column elementor-element elementor-element-bc33fe1\" data-id=\"bc33fe1\" data-element_type=\"column\" data-e-type=\"column\">\n\t\t\t<div class=\"elementor-widget-wrap elementor-element-populated\">\n\t\t\t\t\t\t<div class=\"elementor-element elementor-element-badd7b2 elementor-widget elementor-widget-heading\" data-id=\"badd7b2\" data-element_type=\"widget\" data-e-type=\"widget\" data-widget_type=\"heading.default\">\n\t\t\t\t<div class=\"elementor-widget-container\">\n\t\t\t\t\t<h1 class=\"elementor-heading-title elementor-size-default\">Mapa de Sitio<\/h1>\t\t\t\t<\/div>\n\t\t\t\t<\/div>\n\t\t\t\t<div class=\"elementor-element elementor-element-8c4569a elementor-widget elementor-widget-text-editor\" data-id=\"8c4569a\" data-element_type=\"widget\" data-e-type=\"widget\" data-widget_type=\"text-editor.default\">\n\t\t\t\t<div class=\"elementor-widget-container\">\n\t\t\t\t\t\t\t\t\t<ul class=\"breadcrumbs\">\n\t<li><a class=\"crumbs-inactive\" href=\"\/\">Inicio<\/a><\/li>\n\t<li><a class=\"crumbs-inactive\" href=\"#\">\u00bfQui\u00e9nes Somos?<\/a> <i class=\"fas fa-angle-down\"><\/i>\n<ul>\n\t<li><a class=\"crumbs-inactive\" href=\"\/mensaje-del-director\">Mensaje del Director<\/a><\/li>\n\t<li><a class=\"crumbs-inactive\" href=\"\/marco-legal\">Marco Legal<\/a><\/li>\n\t<li><a class=\"crumbs-inactive\" href=\"\/que-es-el-index\">\u00bfQu\u00e9 es el INDEX?<\/a><\/li>\n<\/ul>\n<\/li>\n\t<li><a class=\"crumbs-inactive\" href=\"\/servicios\">Servicios<\/a><\/li>\n\t<li><a class=\"crumbs-inactive\" href=\"\/noticias\">Noticias<\/a><\/li>\n\t<li><a class=\"crumbs-inactive\" href=\"\/contacto\">Contacto<\/a><\/li>\n<\/ul>\t\t\t\t\t\t\t\t<\/div>\n\t\t\t\t<\/div>\n\t\t\t\t\t<\/div>\n\t\t<\/div>\n\t\t\t\t\t<\/div>\n\t\t<\/section>\n\t\t\t\t<\/div>\n\t\t","protected":false},"excerpt":{"rendered":"<p>Est\u00e1s aqu\u00ed: Inicio \/ Mapa de Sitio Mapa de Sitio Inicio \u00bfQui\u00e9nes Somos? Mensaje del Director Marco Legal \u00bfQu\u00e9 es el INDEX? Servicios Noticias Contacto<\/p>\n","protected":false},"author":1,"featured_media":0,"parent":0,"menu_order":0,"comment_status":"closed","ping_status":"closed","template":"","meta":{"site-sidebar-layout":"no-sidebar","site-content-layout":"page-builder","ast-site-content-layout":"default","site-content-style":"default","site-sidebar-style":"default","ast-global-header-display":"","ast-banner-title-visibility":"","ast-main-header-display":"","ast-hfb-above-header-display":"","ast-hfb-below-header-display":"","ast-hfb-mobile-header-display":"","site-post-title":"disabled","ast-breadcrumbs-content":"","ast-featured-img":"disabled","footer-sml-layout":"","ast-disable-related-posts":"","theme-transparent-header-meta":"default","adv-header-id-meta":"","stick-header-meta":"","header-above-stick-meta":"","header-main-stick-meta":"","header-below-stick-meta":"","astra-migrate-meta-layouts":"default","ast-page-background-enabled":"default","ast-page-background-meta":{"desktop":{"background-color":"","background-image":"","background-repeat":"repeat","background-position":"center center","background-size":"auto","background-attachment":"scroll","background-type":"","background-media":"","overlay-type":"","overlay-color":"","overlay-opacity":"","overlay-gradient":""},"tablet":{"background-color":"","background-image":"","background-repeat":"repeat","background-position":"center center","background-size":"auto","background-attachment":"scroll","background-type":"","background-media":"","overlay-type":"","overlay-color":"","overlay-opacity":"","overlay-gradient":""},"mobile":{"background-color":"","background-image":"","background-repeat":"repeat","background-position":"center center","background-size":"auto","background-attachment":"scroll","background-type":"","background-media":"","overlay-type":"","overlay-color":"","overlay-opacity":"","overlay-gradient":""}},"ast-content-background-meta":{"desktop":{"background-color":"var(--ast-global-color-5)","background-image":"","background-repeat":"repeat","background-position":"center center","background-size":"auto","background-attachment":"scroll","background-type":"","background-media":"","overlay-type":"","overlay-color":"","overlay-opacity":"","overlay-gradient":""},"tablet":{"background-color":"var(--ast-global-color-5)","background-image":"","background-repeat":"repeat","background-position":"center center","background-size":"auto","background-attachment":"scroll","background-type":"","background-media":"","overlay-type":"","overlay-color":"","overlay-opacity":"","overlay-gradient":""},"mobile":{"background-color":"var(--ast-global-color-5)","background-image":"","background-repeat":"repeat","background-position":"center center","background-size":"auto","background-attachment":"scroll","background-type":"","background-media":"","overlay-type":"","overlay-color":"","overlay-opacity":"","overlay-gradient":""}},"footnotes":""},"categories":[],"tags":[],"class_list":["post-344","page","type-page","status-publish","hentry"],"yoast_head":"<!-- This site is optimized with the Yoast SEO plugin v27.3 - https:\/\/yoast.com\/product\/yoast-seo-wordpress\/ -->\n<title>Mapa de Sitio - Consulado General de la Rep\u00fablica Dominicana en San Juan, Puerto Rico<\/title>\n<meta name=\"robots\" content=\"index, follow, max-snippet:-1, max-image-preview:large, max-video-preview:-1\" \/>\n<link rel=\"canonical\" href=\"https:\/\/usa.mirex.gob.do\/consular\/san-juan\/mapa-de-sitio\/\" \/>\n<meta property=\"og:locale\" content=\"en_US\" \/>\n<meta property=\"og:type\" content=\"article\" \/>\n<meta property=\"og:title\" content=\"Mapa de Sitio - Consulado General de la Rep\u00fablica Dominicana en San Juan, Puerto Rico\" \/>\n<meta property=\"og:description\" content=\"Est\u00e1s aqu\u00ed: Inicio \/ Mapa de Sitio Mapa de Sitio Inicio \u00bfQui\u00e9nes Somos? Mensaje del Director Marco Legal \u00bfQu\u00e9 es el INDEX? Servicios Noticias Contacto\" \/>\n<meta property=\"og:url\" content=\"https:\/\/usa.mirex.gob.do\/consular\/san-juan\/mapa-de-sitio\/\" \/>\n<meta property=\"og:site_name\" content=\"Consulado General de la Rep\u00fablica Dominicana en San Juan, Puerto Rico\" \/>\n<meta property=\"article:modified_time\" content=\"2021-07-19T14:17:34+00:00\" \/>\n<meta name=\"twitter:card\" content=\"summary_large_image\" \/>\n<script type=\"application\/ld+json\" class=\"yoast-schema-graph\">{\"@context\":\"https:\\\/\\\/schema.org\",\"@graph\":[{\"@type\":\"WebPage\",\"@id\":\"https:\\\/\\\/usa.mirex.gob.do\\\/consular\\\/san-juan\\\/mapa-de-sitio\\\/\",\"url\":\"https:\\\/\\\/usa.mirex.gob.do\\\/consular\\\/san-juan\\\/mapa-de-sitio\\\/\",\"name\":\"Mapa de Sitio - Consulado General de la Rep\u00fablica Dominicana en San Juan, Puerto Rico\",\"isPartOf\":{\"@id\":\"https:\\\/\\\/usa.mirex.gob.do\\\/consular\\\/san-juan\\\/#website\"},\"datePublished\":\"2021-07-12T14:29:39+00:00\",\"dateModified\":\"2021-07-19T14:17:34+00:00\",\"breadcrumb\":{\"@id\":\"https:\\\/\\\/usa.mirex.gob.do\\\/consular\\\/san-juan\\\/mapa-de-sitio\\\/#breadcrumb\"},\"inLanguage\":\"en-US\",\"potentialAction\":[{\"@type\":\"ReadAction\",\"target\":[\"https:\\\/\\\/usa.mirex.gob.do\\\/consular\\\/san-juan\\\/mapa-de-sitio\\\/\"]}]},{\"@type\":\"BreadcrumbList\",\"@id\":\"https:\\\/\\\/usa.mirex.gob.do\\\/consular\\\/san-juan\\\/mapa-de-sitio\\\/#breadcrumb\",\"itemListElement\":[{\"@type\":\"ListItem\",\"position\":1,\"name\":\"Inicio\",\"item\":\"https:\\\/\\\/usa.mirex.gob.do\\\/consular\\\/san-juan\\\/\"},{\"@type\":\"ListItem\",\"position\":2,\"name\":\"Mapa de Sitio\"}]},{\"@type\":\"WebSite\",\"@id\":\"https:\\\/\\\/usa.mirex.gob.do\\\/consular\\\/san-juan\\\/#website\",\"url\":\"https:\\\/\\\/usa.mirex.gob.do\\\/consular\\\/san-juan\\\/\",\"name\":\"Consulado General de la Rep\u00fablica Dominicana en San Juan, Puerto Rico\",\"description\":\"\",\"publisher\":{\"@id\":\"https:\\\/\\\/usa.mirex.gob.do\\\/consular\\\/san-juan\\\/#organization\"},\"potentialAction\":[{\"@type\":\"SearchAction\",\"target\":{\"@type\":\"EntryPoint\",\"urlTemplate\":\"https:\\\/\\\/usa.mirex.gob.do\\\/consular\\\/san-juan\\\/?s={search_term_string}\"},\"query-input\":{\"@type\":\"PropertyValueSpecification\",\"valueRequired\":true,\"valueName\":\"search_term_string\"}}],\"inLanguage\":\"en-US\"},{\"@type\":\"Organization\",\"@id\":\"https:\\\/\\\/usa.mirex.gob.do\\\/consular\\\/san-juan\\\/#organization\",\"name\":\"Consulado General de la Rep\u00fablica Dominicana en San Juan, Puerto Rico\",\"url\":\"https:\\\/\\\/usa.mirex.gob.do\\\/consular\\\/san-juan\\\/\",\"logo\":{\"@type\":\"ImageObject\",\"inLanguage\":\"en-US\",\"@id\":\"https:\\\/\\\/usa.mirex.gob.do\\\/consular\\\/san-juan\\\/#\\\/schema\\\/logo\\\/image\\\/\",\"url\":\"https:\\\/\\\/usa.mirex.gob.do\\\/consular\\\/san-juan\\\/wp-content\\\/uploads\\\/2021\\\/11\\\/CONSULADO-San-Juan-Puerto-Rico-RD-04.png\",\"contentUrl\":\"https:\\\/\\\/usa.mirex.gob.do\\\/consular\\\/san-juan\\\/wp-content\\\/uploads\\\/2021\\\/11\\\/CONSULADO-San-Juan-Puerto-Rico-RD-04.png\",\"width\":4163,\"height\":1788,\"caption\":\"Consulado General de la Rep\u00fablica Dominicana en San Juan, Puerto Rico\"},\"image\":{\"@id\":\"https:\\\/\\\/usa.mirex.gob.do\\\/consular\\\/san-juan\\\/#\\\/schema\\\/logo\\\/image\\\/\"}}]}<\/script>\n<!-- \/ Yoast SEO plugin. -->","yoast_head_json":{"title":"Mapa de Sitio - Consulado General de la Rep\u00fablica Dominicana en San Juan, Puerto Rico","robots":{"index":"index","follow":"follow","max-snippet":"max-snippet:-1","max-image-preview":"max-image-preview:large","max-video-preview":"max-video-preview:-1"},"canonical":"https:\/\/usa.mirex.gob.do\/consular\/san-juan\/mapa-de-sitio\/","og_locale":"en_US","og_type":"article","og_title":"Mapa de Sitio - Consulado General de la Rep\u00fablica Dominicana en San Juan, Puerto Rico","og_description":"Est\u00e1s aqu\u00ed: Inicio \/ Mapa de Sitio Mapa de Sitio Inicio \u00bfQui\u00e9nes Somos? Mensaje del Director Marco Legal \u00bfQu\u00e9 es el INDEX? Servicios Noticias Contacto","og_url":"https:\/\/usa.mirex.gob.do\/consular\/san-juan\/mapa-de-sitio\/","og_site_name":"Consulado General de la Rep\u00fablica Dominicana en San Juan, Puerto Rico","article_modified_time":"2021-07-19T14:17:34+00:00","twitter_card":"summary_large_image","schema":{"@context":"https:\/\/schema.org","@graph":[{"@type":"WebPage","@id":"https:\/\/usa.mirex.gob.do\/consular\/san-juan\/mapa-de-sitio\/","url":"https:\/\/usa.mirex.gob.do\/consular\/san-juan\/mapa-de-sitio\/","name":"Mapa de Sitio - Consulado General de la Rep\u00fablica Dominicana en San Juan, Puerto Rico","isPartOf":{"@id":"https:\/\/usa.mirex.gob.do\/consular\/san-juan\/#website"},"datePublished":"2021-07-12T14:29:39+00:00","dateModified":"2021-07-19T14:17:34+00:00","breadcrumb":{"@id":"https:\/\/usa.mirex.gob.do\/consular\/san-juan\/mapa-de-sitio\/#breadcrumb"},"inLanguage":"en-US","potentialAction":[{"@type":"ReadAction","target":["https:\/\/usa.mirex.gob.do\/consular\/san-juan\/mapa-de-sitio\/"]}]},{"@type":"BreadcrumbList","@id":"https:\/\/usa.mirex.gob.do\/consular\/san-juan\/mapa-de-sitio\/#breadcrumb","itemListElement":[{"@type":"ListItem","position":1,"name":"Inicio","item":"https:\/\/usa.mirex.gob.do\/consular\/san-juan\/"},{"@type":"ListItem","position":2,"name":"Mapa de Sitio"}]},{"@type":"WebSite","@id":"https:\/\/usa.mirex.gob.do\/consular\/san-juan\/#website","url":"https:\/\/usa.mirex.gob.do\/consular\/san-juan\/","name":"Consulado General de la Rep\u00fablica Dominicana en San Juan, Puerto Rico","description":"","publisher":{"@id":"https:\/\/usa.mirex.gob.do\/consular\/san-juan\/#organization"},"potentialAction":[{"@type":"SearchAction","target":{"@type":"EntryPoint","urlTemplate":"https:\/\/usa.mirex.gob.do\/consular\/san-juan\/?s={search_term_string}"},"query-input":{"@type":"PropertyValueSpecification","valueRequired":true,"valueName":"search_term_string"}}],"inLanguage":"en-US"},{"@type":"Organization","@id":"https:\/\/usa.mirex.gob.do\/consular\/san-juan\/#organization","name":"Consulado General de la Rep\u00fablica Dominicana en San Juan, Puerto Rico","url":"https:\/\/usa.mirex.gob.do\/consular\/san-juan\/","logo":{"@type":"ImageObject","inLanguage":"en-US","@id":"https:\/\/usa.mirex.gob.do\/consular\/san-juan\/#\/schema\/logo\/image\/","url":"https:\/\/usa.mirex.gob.do\/consular\/san-juan\/wp-content\/uploads\/2021\/11\/CONSULADO-San-Juan-Puerto-Rico-RD-04.png","contentUrl":"https:\/\/usa.mirex.gob.do\/consular\/san-juan\/wp-content\/uploads\/2021\/11\/CONSULADO-San-Juan-Puerto-Rico-RD-04.png","width":4163,"height":1788,"caption":"Consulado General de la Rep\u00fablica Dominicana en San Juan, Puerto Rico"},"image":{"@id":"https:\/\/usa.mirex.gob.do\/consular\/san-juan\/#\/schema\/logo\/image\/"}}]}},"_links":{"self":[{"href":"https:\/\/usa.mirex.gob.do\/consular\/san-juan\/wp-json\/wp\/v2\/pages\/344","targetHints":{"allow":["GET"]}}],"collection":[{"href":"https:\/\/usa.mirex.gob.do\/consular\/san-juan\/wp-json\/wp\/v2\/pages"}],"about":[{"href":"https:\/\/usa.mirex.gob.do\/consular\/san-juan\/wp-json\/wp\/v2\/types\/page"}],"author":[{"embeddable":true,"href":"https:\/\/usa.mirex.gob.do\/consular\/san-juan\/wp-json\/wp\/v2\/users\/1"}],"replies":[{"embeddable":true,"href":"https:\/\/usa.mirex.gob.do\/consular\/san-juan\/wp-json\/wp\/v2\/comments?post=344"}],"version-history":[{"count":43,"href":"https:\/\/usa.mirex.gob.do\/consular\/san-juan\/wp-json\/wp\/v2\/pages\/344\/revisions"}],"predecessor-version":[{"id":1748,"href":"https:\/\/usa.mirex.gob.do\/consular\/san-juan\/wp-json\/wp\/v2\/pages\/344\/revisions\/1748"}],"wp:attachment":[{"href":"https:\/\/usa.mirex.gob.do\/consular\/san-juan\/wp-json\/wp\/v2\/media?parent=344"}],"wp:term":[{"taxonomy":"category","embeddable":true,"href":"https:\/\/usa.mirex.gob.do\/consular\/san-juan\/wp-json\/wp\/v2\/categories?post=344"},{"taxonomy":"post_tag","embeddable":true,"href":"https:\/\/usa.mirex.gob.do\/consular\/san-juan\/wp-json\/wp\/v2\/tags?post=344"}],"curies":[{"name":"wp","href":"https:\/\/api.w.org\/{rel}","templated":true}]}}